{"id":42,"date":"2019-06-10T16:10:51","date_gmt":"2019-06-10T14:10:51","guid":{"rendered":"http:\/\/dentiste-mbemba.be\/?page_id=42"},"modified":"2020-06-10T11:50:27","modified_gmt":"2020-06-10T09:50:27","slug":"politique-relative-aux-cookies","status":"publish","type":"page","link":"https:\/\/dentiste-mbemba.be\/index.php\/politique-relative-aux-cookies\/","title":{"rendered":"Politique relative aux cookies"},"content":{"rendered":"\t\t<div data-elementor-type=\"wp-post\" data-elementor-id=\"42\" class=\"elementor elementor-42\">\n\t\t\t\t\t\t<section class=\"elementor-section elementor-top-section elementor-element elementor-element-ca91ab4 elementor-section-stretched elementor-section-boxed elementor-section-height-default elementor-section-height-default\" data-id=\"ca91ab4\" data-element_type=\"section\" data-settings=\"{&quot;stretch_section&quot;:&quot;section-stretched&quot;}\">\n\t\t\t\t\t\t<div class=\"elementor-container elementor-column-gap-default\">\n\t\t\t\t\t<div class=\"elementor-column elementor-col-100 elementor-top-column elementor-element elementor-element-26cdc81\" data-id=\"26cdc81\" data-element_type=\"column\">\n\t\t\t<div class=\"elementor-widget-wrap elementor-element-populated\">\n\t\t\t\t\t\t<div class=\"elementor-element elementor-element-d46dee5 elementor-widget elementor-widget-heading\" data-id=\"d46dee5\" data-element_type=\"widget\" data-widget_type=\"heading.default\">\n\t\t\t\t<div class=\"elementor-widget-container\">\n\t\t\t\t\t<h3 class=\"elementor-heading-title elementor-size-default\">Politique relative aux cookies\u200b<\/h3>\t\t\t\t<\/div>\n\t\t\t\t<\/div>\n\t\t\t\t<div class=\"elementor-element elementor-element-83a3792 elementor-widget elementor-widget-text-editor\" data-id=\"83a3792\" data-element_type=\"widget\" data-widget_type=\"text-editor.default\">\n\t\t\t\t<div class=\"elementor-widget-container\">\n\t\t\t\t\t\t\t\t\t<p><span style=\"text-decoration: underline;\"><strong>Document interne \u00e0 l\u2019entreprise CABINET DENTAIRE MBEMBA JAQUELINE<\/strong><\/span><\/p>\n<p><strong>Article\u00a01<sup>er<\/sup> \u2013 Dispositions g\u00e9n\u00e9rales <\/strong><\/p>\n<p>L\u2019entreprise utilise des cookies et autres technologies similaires, telles que les balises et pixels, en vue de l\u2019optimisation de l\u2019exp\u00e9rience utilisateur des visiteurs et clients enregistr\u00e9s (ci-apr\u00e8s\u00a0: l&rsquo;utilisateur) sur le site web sous les domaines suivants\u00a0:<\/p>\n<p>\u00a0<a href=\"https:\/\/www.dentiste-mbemba.be\">https:\/\/www.dentiste-mbemba.be<\/a><\/p>\n<p>\u00a0Les finalit\u00e9s sp\u00e9cifiques de l\u2019utilisation des cookies sont d\u00e9finies en d\u00e9tail \u00e0 l\u2019article\u00a03.<\/p>\n<p><strong>Article\u00a02 \u2013 Cookie d\u2019identification<\/strong><\/p>\n<p>2.1.\u00a0\u00a0\u00a0\u00a0\u00a0\u00a0\u00a0\u00a0\u00a0\u00a0 Un cookie est un petit fichier qui est enregistr\u00e9 sur l\u2019appareil de l\u2019utilisateur. Il permet \u00e0 l\u2019entreprise d\u2019identifier l\u2019appareil de l\u2019utilisateur et rend possible l\u2019utilisation de diverses fonctionnalit\u00e9s du site web, et notamment la connexion au compte de l\u2019utilisateur.<\/p>\n<p>2.2. \u00a0\u00a0\u00a0\u00a0\u00a0\u00a0\u00a0\u00a0\u00a0 Lors de la premi\u00e8re visite de l\u2019utilisateur sur le site web, une barre de notification sera affich\u00e9e sur la premi\u00e8re page pour attirer l\u2019attention de l\u2019utilisateur sur l\u2019existence des cookies et lui offrir la possibilit\u00e9 soit (1) de poursuivre sa visite sur le site web sans d\u00e9sactiver les cookies, soit (2) de quitter le site web, soit (3) de poursuivre sa visite sur le site web en d\u00e9sactivant un ou plusieurs cookies.<\/p>\n<p>2.3. \u00a0\u00a0\u00a0\u00a0\u00a0\u00a0\u00a0\u00a0\u00a0 Si l\u2019utilisateur ne souhaite pas recevoir de cookies, il peut modifier les param\u00e8tres du navigateur de l\u2019appareil \u00e0 l\u2019aide duquel il visite le site web. Si l\u2019utilisateur visite le site web sans modifier les param\u00e8tres de son navigateur, il sera suppos\u00e9 accepter la r\u00e9ception de tous les cookies sur le site web. L\u2019utilisateur doit tenir compte du fait que l\u2019exp\u00e9rience utilisateur et\/ou les fonctionnalit\u00e9s du site web ne seront pas optimales\/ne fonctionneront pas de mani\u00e8re optimale sans les cookies.<\/p>\n<p><strong>Article\u00a03 \u2013 Justification du traitement <\/strong><\/p>\n<p>3.1. \u00a0\u00a0\u00a0\u00a0\u00a0\u00a0\u00a0\u00a0\u00a0 L\u2019entreprise effectue chaque traitement de donn\u00e9es \u00e0 caract\u00e8re personnel conform\u00e9ment au R\u00e8glement\u00a0(UE)\u00a02016\/679 du Parlement europ\u00e9en et du Conseil du 27\u00a0avril\u00a02016 relatif \u00e0 la protection des personnes physiques \u00e0 l&rsquo;\u00e9gard du traitement des donn\u00e9es \u00e0 caract\u00e8re personnel et \u00e0 la libre circulation de ces donn\u00e9es, tel que d\u00e9fini dans la politique relative \u00e0 la protection de la vie priv\u00e9e du site web. L\u2019utilisateur accepte \u00e9galement que l\u2019entreprise ait acc\u00e8s aux donn\u00e9es collect\u00e9es via les cookies et que l&rsquo;entreprise enregistre ces donn\u00e9es. L\u2019enregistrement de ou l\u2019acc\u00e8s \u00e0 ces informations constitue un traitement \u00e0 donn\u00e9es \u00e0 caract\u00e8re personnel en vue de la r\u00e9alisation des objectifs d\u00e9finis dans cette politique relative aux cookies et dans la politique relative \u00e0 la protection de la vie priv\u00e9e.<\/p>\n<p>3.2. \u00a0\u00a0\u00a0\u00a0\u00a0\u00a0\u00a0\u00a0\u00a0 \u00a0L\u2019utilisateur du site web peut, \u00e0 tout moment et gratuitement, retirer son consentement en d\u00e9sactivant les cookies et en envoyant une demande \u00e9crite \u00e0 cet effet \u00e0\u00a0:<\/p>\n<p><a href=\"mailto:jmbenba@gmail.com\">jmbemba@gmail.com<\/a><\/p>\n<p><strong>Article\u00a04 \u2013 Droits de l\u2019utilisateur <\/strong><\/p>\n<p>Conform\u00e9ment \u00e0 la politique relative \u00e0 la protection de la vie priv\u00e9e, l\u2019utilisateur dispose en tout temps d\u2019un droit d\u2019acc\u00e8s et de correction sur les donn\u00e9es qui le concernent et qui ont \u00e9t\u00e9 collect\u00e9es au moyen de cookies. Il a \u00e9galement le droit de s\u2019opposer gratuitement \u00e0 tout traitement de ces donn\u00e9es et\/ou transfert de ces donn\u00e9es \u00e0 des tiers \u00e0 des fins de promotion de produits et services. L\u2019utilisateur peut en outre demander la correction ou la suppression des donn\u00e9es \u00e0 caract\u00e8re personnel inexactes ou incompl\u00e8tes ou de celles qui ne sont plus d\u2019actualit\u00e9. L\u2019utilisateur a \u00e9galement le droit de demander \u00e0 l\u2019entreprise l\u2019effacement de ses donn\u00e9es personnelles ou la limitation de leur traitement, ainsi que le droit de s&rsquo;opposer au traitement et le droit \u00e0 la portabilit\u00e9 des donn\u00e9es.<\/p>\n<p><strong>Article\u00a05 \u2013 D\u00e9lais de conservation<\/strong><\/p>\n<p>L\u2019entreprise conservera les donn\u00e9es \u00e0 caract\u00e8re personnel de l\u2019utilisateur trait\u00e9es via les cookies pendant toute la p\u00e9riode durant laquelle le site web ou des versions ult\u00e9rieures de celui-ci utilisant les m\u00eames donn\u00e9es \u00e0 caract\u00e8re personnel seront en ligne. Le d\u00e9lai de conservation des donn\u00e9es \u00e0 caract\u00e8re personnel trait\u00e9es via des cookies de tiers est d\u00e9fini par la politique relative \u00e0 la protection de la vie priv\u00e9e des cookies concern\u00e9s.<\/p>\n<p><strong>Article\u00a06 \u2013 R\u00e9clamations <\/strong><\/p>\n<p>L\u2019utilisateur a toujours le droit d\u2019introduire toute r\u00e9clamation en mati\u00e8re de fuites de donn\u00e9es ou de violation pr\u00e9tendue de la protection de sa vie priv\u00e9e via l\u2019utilisation des cookies par l\u2019entreprise aupr\u00e8s de l\u2019autorit\u00e9 belge de protection des donn\u00e9es via les coordonn\u00e9es suivantes\u00a0:<\/p>\n<p><em>Commission de la protection de la vie priv\u00e9e<\/em><\/p>\n<p>Adresse\u00a0:\u00a0\u00a0\u00a0\u00a0\u00a0\u00a0 Rue de la presse\u00a035, 1000\u00a0Bruxelles<\/p>\n<p>T\u00e9l.\u00a0:\u00a0\u00a0\u00a0\u00a0\u00a0\u00a0\u00a0\u00a0\u00a0\u00a0\u00a0\u00a0\u00a0\u00a0\u00a0 +32 (0)2 274 48 00<\/p>\n<p>Fax\u00a0:\u00a0\u00a0\u00a0\u00a0\u00a0\u00a0\u00a0\u00a0\u00a0\u00a0\u00a0\u00a0\u00a0\u00a0\u00a0 +32 (0)2 274 48 35<\/p>\n<p>E-mail\u00a0: \u00a0\u00a0\u00a0\u00a0\u00a0\u00a0\u00a0\u00a0 <a href=\"mailto:contact@apd-gba.be\">contact@apd-gba.be<\/a><\/p>\n<p>Site web\u00a0: \u00a0\u00a0\u00a0\u00a0 <a href=\"https:\/\/www.autoriteprotectiondonnees.be\">https:\/\/www.autoriteprotectiondonnees.be<\/a> \u00a0\u00a0<\/p>\n<p><strong>\u00a0<\/strong><\/p>\n<p><strong>Article\u00a07 \u2013 Cookies de tiers <\/strong><\/p>\n<p>D\u2019\u00e9ventuels partenaires de confiance placent des publicit\u00e9s sur le site web et enregistrent parfois aussi des cookies sur l\u2019appareil de l\u2019utilisateur qui a visit\u00e9 le site web. L\u2019utilisateur doit consulter la politique relative \u00e0 la protection de la vie priv\u00e9e des entreprises pr\u00e9cit\u00e9es s\u2019il souhaite avoir connaissance de la mani\u00e8re dont ces entreprises utilisent les cookies et donner son consentement ou non \u00e0 leur politique relative \u00e0 la protection de la vie priv\u00e9e. Vous trouverez ci-dessous les liens renvoyant \u00e0 la politique relative \u00e0 la protection de la vie priv\u00e9e .<\/p>\n<p><strong>Article\u00a08 \u2013 Types de cookies utilis\u00e9s <\/strong><\/p>\n<p>8.1. \u00a0\u00a0\u00a0\u00a0\u00a0\u00a0\u00a0\u00a0\u00a0 L\u2019entreprise utilise deux types de cookies\u00a0: les cookies persistants et les cookies de session. Un cookie persistant est g\u00e9n\u00e9r\u00e9 d\u00e8s que l\u2019utilisateur s\u2019est connect\u00e9 \u00e0 l\u2019aide d\u2019un compte. La prochaine fois que l\u2019utilisateur visitera le site web sur le m\u00eame appareil, le cookie persistant permettra \u00e0 l\u2019entreprise de reconna\u00eetre l\u2019utilisateur comme utilisateur existant, de sorte que celui-ci ne doive plus se connecter \u00e0 chaque fois pour parcourir le site web.<\/p>\n<p>8.2. \u00a0\u00a0\u00a0\u00a0\u00a0\u00a0\u00a0\u00a0\u00a0 Un cookie de session est utilis\u00e9 pour identifier une visite sp\u00e9cifique sur le site web. Les cookies de session expirent apr\u00e8s une courte p\u00e9riode ou d\u00e8s que l\u2019utilisateur ferme le navigateur via lequel il a visit\u00e9 le site web.<\/p>\n<p>8.3. L\u2019entreprise peut utiliser d\u2019autres technologies comme Adobe\u00a0Flash pour placer l\u2019\u00e9quivalent fonctionnel d\u2019un cookie sur l\u2019appareil de l\u2019utilisateur.<\/p>\n<p>8.4. L\u2019entreprise peut g\u00e9n\u00e9rer des cookies lorsque l\u2019utilisateur visite le site web ou des cookies peuvent \u00eatre g\u00e9n\u00e9r\u00e9s par d\u2019autres sites web ou services qui ex\u00e9cutent ce contenu sur la page consult\u00e9e par l\u2019utilisateur sur le site web (<em>cookies de tiers<\/em>).<\/p>\n<p><strong>Article\u00a09 \u2013 Finalit\u00e9s des cookies <\/strong><\/p>\n<p>9.1. \u00a0\u00a0\u00a0\u00a0\u00a0\u00a0\u00a0\u00a0\u00a0 Les cookies que l\u2019entreprise utilise fournissent des informations concernant le moment de la journ\u00e9e auquel l\u2019utilisateur visite le site web et les pr\u00e9f\u00e9rences de l\u2019utilisateur. L\u2019entreprise utilise \u00e9galement les cookies pour am\u00e9liorer l\u2019exp\u00e9rience des utilisateurs sur le site web. Les cookies rendent les interactions avec le site web plus s\u00fbres et plus rapides. Elles permettent de faire en sorte que l\u2019exp\u00e9rience utilisateur soit en concordance avec les param\u00e8tres personnalis\u00e9s de l\u2019utilisateur.<\/p>\n<p>9.2. L\u2019entreprise utilise des cookies \u00e0 diff\u00e9rentes fins\u00a0:<\/p>\n<ul>\n<li><u>V\u00e9rification<\/u><\/li>\n<\/ul>\n<p>L\u2019entreprise utilise des cookies pour savoir lorsque l\u2019utilisateur est connect\u00e9, afin que les informations correctes puissent \u00eatre affich\u00e9es \u00e0 l\u2019\u00e9cran et que l\u2019utilisateur puisse b\u00e9n\u00e9ficier d\u2019une exp\u00e9rience utilisateur personnalis\u00e9e.<\/p>\n<ul>\n<li><u>S\u00e9curit\u00e9<\/u><\/li>\n<\/ul>\n<p>L\u2019entreprise utilise des cookies pour supporter ou activer les fonctionnalit\u00e9s de s\u00e9curit\u00e9 appliqu\u00e9es par l\u2019entreprise et pour aider l\u2019entreprise \u00e0 d\u00e9tecter des activit\u00e9s malveillantes.<\/p>\n<ul>\n<li><u>Pr\u00e9f\u00e9rences, fonctions et services<\/u><\/li>\n<\/ul>\n<p>L\u2019entreprise utilise des cookies pour conna\u00eetre la langue et les pr\u00e9f\u00e9rences de communication de l\u2019utilisateur et pour aider l\u2019utilisateur lorsqu\u2019il compl\u00e8te des formulaires sur le site web. Les cookies fournissent en outre un contenu et des fonctionnalit\u00e9s adapt\u00e9s \u00e0 l\u2019utilisateur.<\/p>\n<ul>\n<li><u>Prestations, analyse et recherche<\/u><\/li>\n<\/ul>\n<p>L\u2019entreprise utilise des cookies pour collecter des informations sur les prestations du site web et des modules d\u2019extension \u00e9ventuels (<em>plug-ins<\/em>) \u00e0 travers le monde. L\u2019entreprise utilise \u00e9galement des cookies pour comprendre des produits, fonctions et services, les am\u00e9liorer et les analyser, et ce, aussi lorsque l\u2019utilisateur acc\u00e8de au site web au d\u00e9part d\u2019autres sites web, applications ou appareils, tels qu\u2019un appareil qui n\u2019est pas la propri\u00e9t\u00e9 de l\u2019utilisateur ou un appareil mobile (smartphone ou tablette).<\/p>\t\t\t\t\t\t\t\t<\/div>\n\t\t\t\t<\/div>\n\t\t\t\t\t<\/div>\n\t\t<\/div>\n\t\t\t\t\t<\/div>\n\t\t<\/section>\n\t\t\t\t<\/div>\n\t\t","protected":false},"excerpt":{"rendered":"<p>Politique relative aux cookies\u200b Document interne \u00e0 l\u2019entreprise CABINET DENTAIRE MBEMBA JAQUELINE Article\u00a01er \u2013 Dispositions g\u00e9n\u00e9rales L\u2019entreprise utilise des cookies et autres [&hellip;]<\/p>\n","protected":false},"author":1,"featured_media":0,"parent":0,"menu_order":0,"comment_status":"closed","ping_status":"open","template":"","meta":{"footnotes":""},"class_list":["post-42","page","type-page","status-publish","hentry"],"yoast_head":"<!-- This site is optimized with the Yoast SEO plugin v24.9 - https:\/\/yoast.com\/wordpress\/plugins\/seo\/ -->\n<title>Politique relative aux cookies - Cabinet Dentaire Mbemba<\/title>\n<meta name=\"robots\" content=\"index, follow, max-snippet:-1, max-image-preview:large, max-video-preview:-1\" \/>\n<link rel=\"canonical\" href=\"https:\/\/dentiste-mbemba.be\/index.php\/politique-relative-aux-cookies\/\" \/>\n<meta property=\"og:locale\" content=\"fr_FR\" \/>\n<meta property=\"og:type\" content=\"article\" \/>\n<meta property=\"og:title\" content=\"Politique relative aux cookies - Cabinet Dentaire Mbemba\" \/>\n<meta property=\"og:description\" content=\"Politique relative aux cookies\u200b Document interne \u00e0 l\u2019entreprise CABINET DENTAIRE MBEMBA JAQUELINE Article\u00a01er \u2013 Dispositions g\u00e9n\u00e9rales L\u2019entreprise utilise des cookies et autres [&hellip;]\" \/>\n<meta property=\"og:url\" content=\"https:\/\/dentiste-mbemba.be\/index.php\/politique-relative-aux-cookies\/\" \/>\n<meta property=\"og:site_name\" content=\"Cabinet Dentaire Mbemba\" \/>\n<meta property=\"article:modified_time\" content=\"2020-06-10T09:50:27+00:00\" \/>\n<meta name=\"twitter:card\" content=\"summary_large_image\" \/>\n<meta name=\"twitter:label1\" content=\"Dur\u00e9e de lecture estim\u00e9e\" \/>\n\t<meta name=\"twitter:data1\" content=\"7 minutes\" \/>\n<script type=\"application\/ld+json\" class=\"yoast-schema-graph\">{\"@context\":\"https:\/\/schema.org\",\"@graph\":[{\"@type\":\"WebPage\",\"@id\":\"https:\/\/dentiste-mbemba.be\/index.php\/politique-relative-aux-cookies\/\",\"url\":\"https:\/\/dentiste-mbemba.be\/index.php\/politique-relative-aux-cookies\/\",\"name\":\"Politique relative aux cookies - Cabinet Dentaire Mbemba\",\"isPartOf\":{\"@id\":\"https:\/\/dentiste-mbemba.be\/#website\"},\"datePublished\":\"2019-06-10T14:10:51+00:00\",\"dateModified\":\"2020-06-10T09:50:27+00:00\",\"breadcrumb\":{\"@id\":\"https:\/\/dentiste-mbemba.be\/index.php\/politique-relative-aux-cookies\/#breadcrumb\"},\"inLanguage\":\"fr-FR\",\"potentialAction\":[{\"@type\":\"ReadAction\",\"target\":[\"https:\/\/dentiste-mbemba.be\/index.php\/politique-relative-aux-cookies\/\"]}]},{\"@type\":\"BreadcrumbList\",\"@id\":\"https:\/\/dentiste-mbemba.be\/index.php\/politique-relative-aux-cookies\/#breadcrumb\",\"itemListElement\":[{\"@type\":\"ListItem\",\"position\":1,\"name\":\"Accueil\",\"item\":\"https:\/\/dentiste-mbemba.be\/\"},{\"@type\":\"ListItem\",\"position\":2,\"name\":\"Politique relative aux cookies\"}]},{\"@type\":\"WebSite\",\"@id\":\"https:\/\/dentiste-mbemba.be\/#website\",\"url\":\"https:\/\/dentiste-mbemba.be\/\",\"name\":\"Cabinet Dentaire Mbemba\",\"description\":\"\",\"potentialAction\":[{\"@type\":\"SearchAction\",\"target\":{\"@type\":\"EntryPoint\",\"urlTemplate\":\"https:\/\/dentiste-mbemba.be\/?s={search_term_string}\"},\"query-input\":{\"@type\":\"PropertyValueSpecification\",\"valueRequired\":true,\"valueName\":\"search_term_string\"}}],\"inLanguage\":\"fr-FR\"}]}<\/script>\n<!-- \/ Yoast SEO plugin. -->","yoast_head_json":{"title":"Politique relative aux cookies - Cabinet Dentaire Mbemba","robots":{"index":"index","follow":"follow","max-snippet":"max-snippet:-1","max-image-preview":"max-image-preview:large","max-video-preview":"max-video-preview:-1"},"canonical":"https:\/\/dentiste-mbemba.be\/index.php\/politique-relative-aux-cookies\/","og_locale":"fr_FR","og_type":"article","og_title":"Politique relative aux cookies - Cabinet Dentaire Mbemba","og_description":"Politique relative aux cookies\u200b Document interne \u00e0 l\u2019entreprise CABINET DENTAIRE MBEMBA JAQUELINE Article\u00a01er \u2013 Dispositions g\u00e9n\u00e9rales L\u2019entreprise utilise des cookies et autres [&hellip;]","og_url":"https:\/\/dentiste-mbemba.be\/index.php\/politique-relative-aux-cookies\/","og_site_name":"Cabinet Dentaire Mbemba","article_modified_time":"2020-06-10T09:50:27+00:00","twitter_card":"summary_large_image","twitter_misc":{"Dur\u00e9e de lecture estim\u00e9e":"7 minutes"},"schema":{"@context":"https:\/\/schema.org","@graph":[{"@type":"WebPage","@id":"https:\/\/dentiste-mbemba.be\/index.php\/politique-relative-aux-cookies\/","url":"https:\/\/dentiste-mbemba.be\/index.php\/politique-relative-aux-cookies\/","name":"Politique relative aux cookies - Cabinet Dentaire Mbemba","isPartOf":{"@id":"https:\/\/dentiste-mbemba.be\/#website"},"datePublished":"2019-06-10T14:10:51+00:00","dateModified":"2020-06-10T09:50:27+00:00","breadcrumb":{"@id":"https:\/\/dentiste-mbemba.be\/index.php\/politique-relative-aux-cookies\/#breadcrumb"},"inLanguage":"fr-FR","potentialAction":[{"@type":"ReadAction","target":["https:\/\/dentiste-mbemba.be\/index.php\/politique-relative-aux-cookies\/"]}]},{"@type":"BreadcrumbList","@id":"https:\/\/dentiste-mbemba.be\/index.php\/politique-relative-aux-cookies\/#breadcrumb","itemListElement":[{"@type":"ListItem","position":1,"name":"Accueil","item":"https:\/\/dentiste-mbemba.be\/"},{"@type":"ListItem","position":2,"name":"Politique relative aux cookies"}]},{"@type":"WebSite","@id":"https:\/\/dentiste-mbemba.be\/#website","url":"https:\/\/dentiste-mbemba.be\/","name":"Cabinet Dentaire Mbemba","description":"","potentialAction":[{"@type":"SearchAction","target":{"@type":"EntryPoint","urlTemplate":"https:\/\/dentiste-mbemba.be\/?s={search_term_string}"},"query-input":{"@type":"PropertyValueSpecification","valueRequired":true,"valueName":"search_term_string"}}],"inLanguage":"fr-FR"}]}},"_links":{"self":[{"href":"https:\/\/dentiste-mbemba.be\/index.php\/wp-json\/wp\/v2\/pages\/42","targetHints":{"allow":["GET"]}}],"collection":[{"href":"https:\/\/dentiste-mbemba.be\/index.php\/wp-json\/wp\/v2\/pages"}],"about":[{"href":"https:\/\/dentiste-mbemba.be\/index.php\/wp-json\/wp\/v2\/types\/page"}],"author":[{"embeddable":true,"href":"https:\/\/dentiste-mbemba.be\/index.php\/wp-json\/wp\/v2\/users\/1"}],"replies":[{"embeddable":true,"href":"https:\/\/dentiste-mbemba.be\/index.php\/wp-json\/wp\/v2\/comments?post=42"}],"version-history":[{"count":6,"href":"https:\/\/dentiste-mbemba.be\/index.php\/wp-json\/wp\/v2\/pages\/42\/revisions"}],"predecessor-version":[{"id":636,"href":"https:\/\/dentiste-mbemba.be\/index.php\/wp-json\/wp\/v2\/pages\/42\/revisions\/636"}],"wp:attachment":[{"href":"https:\/\/dentiste-mbemba.be\/index.php\/wp-json\/wp\/v2\/media?parent=42"}],"curies":[{"name":"wp","href":"https:\/\/api.w.org\/{rel}","templated":true}]}}