{"id":668,"date":"2020-10-20T10:04:06","date_gmt":"2020-10-20T08:04:06","guid":{"rendered":"https:\/\/dentiste-mbemba.be\/?page_id=668"},"modified":"2024-03-26T14:13:47","modified_gmt":"2024-03-26T13:13:47","slug":"hypnose-medicale","status":"publish","type":"page","link":"https:\/\/dentiste-mbemba.be\/index.php\/hypnose-medicale\/","title":{"rendered":"Hypnose m\u00e9dicale"},"content":{"rendered":"\t\t<div data-elementor-type=\"wp-post\" data-elementor-id=\"668\" class=\"elementor elementor-668\">\n\t\t\t\t\t\t<section class=\"elementor-section elementor-top-section elementor-element elementor-element-d9aa241 elementor-section-boxed elementor-section-height-default elementor-section-height-default\" data-id=\"d9aa241\" data-element_type=\"section\">\n\t\t\t\t\t\t<div class=\"elementor-container elementor-column-gap-default\">\n\t\t\t\t\t<div class=\"elementor-column elementor-col-100 elementor-top-column elementor-element elementor-element-8847f1d\" data-id=\"8847f1d\" data-element_type=\"column\">\n\t\t\t<div class=\"elementor-widget-wrap elementor-element-populated\">\n\t\t\t\t\t\t<div class=\"elementor-element elementor-element-c71b5b2 elementor-widget elementor-widget-heading\" data-id=\"c71b5b2\" data-element_type=\"widget\" data-widget_type=\"heading.default\">\n\t\t\t\t<div class=\"elementor-widget-container\">\n\t\t\t\t\t<h1 class=\"elementor-heading-title elementor-size-default\">hypnose m\u00e9dicale<\/h1>\t\t\t\t<\/div>\n\t\t\t\t<\/div>\n\t\t\t\t<div class=\"elementor-element elementor-element-252f70d elementor-widget-divider--view-line elementor-widget elementor-widget-divider\" data-id=\"252f70d\" data-element_type=\"widget\" data-widget_type=\"divider.default\">\n\t\t\t\t<div class=\"elementor-widget-container\">\n\t\t\t\t\t\t\t<div class=\"elementor-divider\">\n\t\t\t<span class=\"elementor-divider-separator\">\n\t\t\t\t\t\t<\/span>\n\t\t<\/div>\n\t\t\t\t\t\t<\/div>\n\t\t\t\t<\/div>\n\t\t\t\t\t<\/div>\n\t\t<\/div>\n\t\t\t\t\t<\/div>\n\t\t<\/section>\n\t\t\t\t<section class=\"elementor-section elementor-top-section elementor-element elementor-element-45b5a1c elementor-section-stretched elementor-section-boxed elementor-section-height-default elementor-section-height-default\" data-id=\"45b5a1c\" data-element_type=\"section\" data-settings=\"{&quot;stretch_section&quot;:&quot;section-stretched&quot;,&quot;background_background&quot;:&quot;classic&quot;}\">\n\t\t\t\t\t\t<div class=\"elementor-container elementor-column-gap-default\">\n\t\t\t\t\t<div class=\"elementor-column elementor-col-100 elementor-top-column elementor-element elementor-element-99b6d13\" data-id=\"99b6d13\" data-element_type=\"column\">\n\t\t\t<div class=\"elementor-widget-wrap elementor-element-populated\">\n\t\t\t\t\t\t<div class=\"elementor-element elementor-element-52b5a19 elementor-widget elementor-widget-text-editor\" data-id=\"52b5a19\" data-element_type=\"widget\" data-widget_type=\"text-editor.default\">\n\t\t\t\t<div class=\"elementor-widget-container\">\n\t\t\t\t\t\t\t\t\t<p>Ayant le souci du <strong>bien-\u00eatre<\/strong> de mon patient car celui-ci a un impact direct sur le d\u00e9roulement de la s\u00e9ance de soins et consciente que mon m\u00e9tier reste encore trop souvent associ\u00e9 \u00e0 la douleur, j\u2019ai suivi une formation en <strong>hypnose m\u00e9dicale<\/strong> pour aider les patients qui ne dorment pas la veille du rdv, qui viennent au cabinet avec des sueurs ou qui se laissent souffrir par peur du dentiste.<\/p>\t\t\t\t\t\t\t\t<\/div>\n\t\t\t\t<\/div>\n\t\t\t\t\t<\/div>\n\t\t<\/div>\n\t\t\t\t\t<\/div>\n\t\t<\/section>\n\t\t\t\t<section class=\"elementor-section elementor-top-section elementor-element elementor-element-f9624c9 elementor-section-stretched elementor-section-full_width elementor-section-height-default elementor-section-height-default\" data-id=\"f9624c9\" data-element_type=\"section\" data-settings=\"{&quot;stretch_section&quot;:&quot;section-stretched&quot;}\">\n\t\t\t\t\t\t<div class=\"elementor-container elementor-column-gap-default\">\n\t\t\t\t\t<div class=\"elementor-column elementor-col-50 elementor-top-column elementor-element elementor-element-0b81049\" data-id=\"0b81049\" data-element_type=\"column\" data-settings=\"{&quot;background_background&quot;:&quot;classic&quot;}\">\n\t\t\t<div class=\"elementor-widget-wrap elementor-element-populated\">\n\t\t\t\t\t\t<div class=\"elementor-element elementor-element-4f074b7 elementor-widget elementor-widget-spacer\" data-id=\"4f074b7\" data-element_type=\"widget\" data-widget_type=\"spacer.default\">\n\t\t\t\t<div class=\"elementor-widget-container\">\n\t\t\t\t\t\t\t<div class=\"elementor-spacer\">\n\t\t\t<div class=\"elementor-spacer-inner\"><\/div>\n\t\t<\/div>\n\t\t\t\t\t\t<\/div>\n\t\t\t\t<\/div>\n\t\t\t\t\t<\/div>\n\t\t<\/div>\n\t\t\t\t<div class=\"elementor-column elementor-col-50 elementor-top-column elementor-element elementor-element-0545d28\" data-id=\"0545d28\" data-element_type=\"column\" data-settings=\"{&quot;background_background&quot;:&quot;classic&quot;}\">\n\t\t\t<div class=\"elementor-widget-wrap elementor-element-populated\">\n\t\t\t\t\t\t<div class=\"elementor-element elementor-element-6369754 elementor-widget elementor-widget-text-editor\" data-id=\"6369754\" data-element_type=\"widget\" data-widget_type=\"text-editor.default\">\n\t\t\t\t<div class=\"elementor-widget-container\">\n\t\t\t\t\t\t\t\t\t<p><strong>L\u2019hypnose est<\/strong> <strong>un \u00e9tat naturel<\/strong> v\u00e9cu par chacun d\u2019entre nous plusieurs fois par jour, par exemple, lorsque nous sommes concentr\u00e9s sur une t\u00e2che, quand nous conduisons notre v\u00e9hicule tout en pensant \u00e0 autre chose ou lorsque nous regardons dans le vague\u2026 Oui, \u00eatre dans la lune, c\u2019est vivre un \u00e9tat d\u2019hypnose naturel&nbsp;!<\/p>\n<p>Donc, chaque individu a les capacit\u00e9s inn\u00e9es de vivre cet \u00e9tat hypnotique.<\/p>\n<p>L\u2019<strong>hypnose m\u00e9dicale<\/strong> permet de mobiliser vos ressources personnelles pour, entre autres, <strong>augmenter l\u2019effet de l\u2019anesth\u00e9sie, surmonter le stress et les phobies<\/strong> provoqu\u00e9s par la r\u00e9alisation des soins dentaires.<\/p>\n<p>L\u2019hypnose m\u00e9dicale est une aide utile \u00e0 la <strong>r\u00e9duction des naus\u00e9es<\/strong> et \u00e0 la <strong>diminution du bruxisme<\/strong> (serrement\/grincement des dents) durant la nuit. Elle permet aussi d\u2019\u00e9tablir un cadre plus confortable pour les <strong>enfants \u00e9prouvant des difficult\u00e9s<\/strong> avec les traitements dentaires.<\/p>\t\t\t\t\t\t\t\t<\/div>\n\t\t\t\t<\/div>\n\t\t\t\t<div class=\"elementor-element elementor-element-40a6b8e elementor-icon-list--layout-traditional elementor-list-item-link-full_width elementor-widget elementor-widget-icon-list\" data-id=\"40a6b8e\" data-element_type=\"widget\" data-widget_type=\"icon-list.default\">\n\t\t\t\t<div class=\"elementor-widget-container\">\n\t\t\t\t\t\t\t<ul class=\"elementor-icon-list-items\">\n\t\t\t\t\t\t\t<li class=\"elementor-icon-list-item\">\n\t\t\t\t\t\t\t\t\t\t\t<span class=\"elementor-icon-list-icon\">\n\t\t\t\t\t\t\t<i aria-hidden=\"true\" class=\"fas fa-info-circle\"><\/i>\t\t\t\t\t\t<\/span>\n\t\t\t\t\t\t\t\t\t\t<span class=\"elementor-icon-list-text\">Le tarif pour la gestion du bruxisme est de 75\u20ac<\/span>\n\t\t\t\t\t\t\t\t\t<\/li>\n\t\t\t\t\t\t<\/ul>\n\t\t\t\t\t\t<\/div>\n\t\t\t\t<\/div>\n\t\t\t\t\t<\/div>\n\t\t<\/div>\n\t\t\t\t\t<\/div>\n\t\t<\/section>\n\t\t\t\t<section class=\"elementor-section elementor-top-section elementor-element elementor-element-5a8d4e3 elementor-section-stretched elementor-section-boxed elementor-section-height-default elementor-section-height-default\" data-id=\"5a8d4e3\" data-element_type=\"section\" data-settings=\"{&quot;stretch_section&quot;:&quot;section-stretched&quot;,&quot;animation&quot;:&quot;none&quot;}\">\n\t\t\t\t\t\t<div class=\"elementor-container elementor-column-gap-default\">\n\t\t\t\t\t<div class=\"elementor-column elementor-col-100 elementor-top-column elementor-element elementor-element-89e1851\" data-id=\"89e1851\" data-element_type=\"column\" data-settings=\"{&quot;background_background&quot;:&quot;classic&quot;}\">\n\t\t\t<div class=\"elementor-widget-wrap elementor-element-populated\">\n\t\t\t\t\t\t<div class=\"elementor-element elementor-element-9dfb0a9 elementor-widget elementor-widget-heading\" data-id=\"9dfb0a9\" data-element_type=\"widget\" data-widget_type=\"heading.default\">\n\t\t\t\t<div class=\"elementor-widget-container\">\n\t\t\t\t\t<h2 class=\"elementor-heading-title elementor-size-default\">Pour en savoir plus...<\/h2>\t\t\t\t<\/div>\n\t\t\t\t<\/div>\n\t\t\t\t<div class=\"elementor-element elementor-element-9aedc53 elementor-widget elementor-widget-heading\" data-id=\"9aedc53\" data-element_type=\"widget\" data-widget_type=\"heading.default\">\n\t\t\t\t<div class=\"elementor-widget-container\">\n\t\t\t\t\t<h3 class=\"elementor-heading-title elementor-size-default\">L\u2019hypnose chez le dentiste<\/h3>\t\t\t\t<\/div>\n\t\t\t\t<\/div>\n\t\t\t\t<div class=\"elementor-element elementor-element-7afb79c elementor-align-center elementor-invisible elementor-widget elementor-widget-button\" data-id=\"7afb79c\" data-element_type=\"widget\" data-settings=\"{&quot;_animation&quot;:&quot;bounceInLeft&quot;}\" data-widget_type=\"button.default\">\n\t\t\t\t<div class=\"elementor-widget-container\">\n\t\t\t\t\t\t\t\t\t<div class=\"elementor-button-wrapper\">\n\t\t\t\t\t<a class=\"elementor-button elementor-button-link elementor-size-sm\" href=\"https:\/\/www.psychologies.com\/Bien-etre\/Medecines-douces\/Se-soigner-autrement\/Articles-et-Dossiers\/Sous-hypnose-chez-le-dentiste\" target=\"_blank\">\n\t\t\t\t\t\t<span class=\"elementor-button-content-wrapper\">\n\t\t\t\t\t\t<span class=\"elementor-button-icon\">\n\t\t\t\t<i aria-hidden=\"true\" class=\"fas fa-arrow-right\"><\/i>\t\t\t<\/span>\n\t\t\t\t\t\t\t\t\t<span class=\"elementor-button-text\">Sous hypnose chez le dentiste<\/span>\n\t\t\t\t\t<\/span>\n\t\t\t\t\t<\/a>\n\t\t\t\t<\/div>\n\t\t\t\t\t\t\t\t<\/div>\n\t\t\t\t<\/div>\n\t\t\t\t<div class=\"elementor-element elementor-element-71133ae elementor-align-center elementor-invisible elementor-widget elementor-widget-button\" data-id=\"71133ae\" data-element_type=\"widget\" data-settings=\"{&quot;_animation&quot;:&quot;bounceInLeft&quot;}\" data-widget_type=\"button.default\">\n\t\t\t\t<div class=\"elementor-widget-container\">\n\t\t\t\t\t\t\t\t\t<div class=\"elementor-button-wrapper\">\n\t\t\t\t\t<a class=\"elementor-button elementor-button-link elementor-size-sm\" href=\"https:\/\/sante.lefigaro.fr\/actualite\/2014\/06\/27\/22541-lhypnose-se-fait-place-dans-cabinets-dentaires\" target=\"_blank\">\n\t\t\t\t\t\t<span class=\"elementor-button-content-wrapper\">\n\t\t\t\t\t\t<span class=\"elementor-button-icon\">\n\t\t\t\t<i aria-hidden=\"true\" class=\"fas fa-arrow-right\"><\/i>\t\t\t<\/span>\n\t\t\t\t\t\t\t\t\t<span class=\"elementor-button-text\">L'hypnose se fait une place dans les cabinets dentaires<\/span>\n\t\t\t\t\t<\/span>\n\t\t\t\t\t<\/a>\n\t\t\t\t<\/div>\n\t\t\t\t\t\t\t\t<\/div>\n\t\t\t\t<\/div>\n\t\t\t\t<div class=\"elementor-element elementor-element-f973dd7 elementor-widget elementor-widget-heading\" data-id=\"f973dd7\" data-element_type=\"widget\" data-widget_type=\"heading.default\">\n\t\t\t\t<div class=\"elementor-widget-container\">\n\t\t\t\t\t<h3 class=\"elementor-heading-title elementor-size-default\">Les applications de l\u2019hypnose dans les interventions m\u00e9dicales<\/h3>\t\t\t\t<\/div>\n\t\t\t\t<\/div>\n\t\t\t\t<div class=\"elementor-element elementor-element-8558a2c elementor-align-center elementor-invisible elementor-widget elementor-widget-button\" data-id=\"8558a2c\" data-element_type=\"widget\" data-settings=\"{&quot;_animation&quot;:&quot;bounceInLeft&quot;}\" data-widget_type=\"button.default\">\n\t\t\t\t<div class=\"elementor-widget-container\">\n\t\t\t\t\t\t\t\t\t<div class=\"elementor-button-wrapper\">\n\t\t\t\t\t<a class=\"elementor-button elementor-button-link elementor-size-sm\" href=\"https:\/\/www.partenamut.be\/fr\/blog-sante-et-bien-etre\/articles\/hypnose-salles-operation\" target=\"_blank\">\n\t\t\t\t\t\t<span class=\"elementor-button-content-wrapper\">\n\t\t\t\t\t\t<span class=\"elementor-button-icon\">\n\t\t\t\t<i aria-hidden=\"true\" class=\"fas fa-arrow-right\"><\/i>\t\t\t<\/span>\n\t\t\t\t\t\t\t\t\t<span class=\"elementor-button-text\">Quand l'hypnose entre dans les salles d'op\u00e9ration<\/span>\n\t\t\t\t\t<\/span>\n\t\t\t\t\t<\/a>\n\t\t\t\t<\/div>\n\t\t\t\t\t\t\t\t<\/div>\n\t\t\t\t<\/div>\n\t\t\t\t\t<\/div>\n\t\t<\/div>\n\t\t\t\t\t<\/div>\n\t\t<\/section>\n\t\t\t\t<section class=\"elementor-section elementor-top-section elementor-element elementor-element-83fbf32 elementor-section-boxed elementor-section-height-default elementor-section-height-default\" data-id=\"83fbf32\" data-element_type=\"section\">\n\t\t\t\t\t\t<div class=\"elementor-container elementor-column-gap-default\">\n\t\t\t\t\t<div class=\"elementor-column elementor-col-100 elementor-top-column elementor-element elementor-element-5768baf\" data-id=\"5768baf\" data-element_type=\"column\">\n\t\t\t<div class=\"elementor-widget-wrap elementor-element-populated\">\n\t\t\t\t\t\t<div class=\"elementor-element elementor-element-b0e168c elementor-widget elementor-widget-spacer\" data-id=\"b0e168c\" data-element_type=\"widget\" data-widget_type=\"spacer.default\">\n\t\t\t\t<div class=\"elementor-widget-container\">\n\t\t\t\t\t\t\t<div class=\"elementor-spacer\">\n\t\t\t<div class=\"elementor-spacer-inner\"><\/div>\n\t\t<\/div>\n\t\t\t\t\t\t<\/div>\n\t\t\t\t<\/div>\n\t\t\t\t<div class=\"elementor-element elementor-element-f383762 elementor-align-center elementor-invisible elementor-widget elementor-widget-button\" data-id=\"f383762\" data-element_type=\"widget\" data-settings=\"{&quot;_animation&quot;:&quot;bounceInUp&quot;}\" data-widget_type=\"button.default\">\n\t\t\t\t<div class=\"elementor-widget-container\">\n\t\t\t\t\t\t\t\t\t<div class=\"elementor-button-wrapper\">\n\t\t\t\t\t<a class=\"elementor-button elementor-button-link elementor-size-sm\" href=\"https:\/\/dentiste-mbemba.be\/index.php\/contact\/\" target=\"_blank\">\n\t\t\t\t\t\t<span class=\"elementor-button-content-wrapper\">\n\t\t\t\t\t\t<span class=\"elementor-button-icon\">\n\t\t\t\t<i aria-hidden=\"true\" class=\"far fa-calendar-check\"><\/i>\t\t\t<\/span>\n\t\t\t\t\t\t\t\t\t<span class=\"elementor-button-text\">Je souhaite prendre un rendez-vous<\/span>\n\t\t\t\t\t<\/span>\n\t\t\t\t\t<\/a>\n\t\t\t\t<\/div>\n\t\t\t\t\t\t\t\t<\/div>\n\t\t\t\t<\/div>\n\t\t\t\t<div class=\"elementor-element elementor-element-68ea165 elementor-widget elementor-widget-spacer\" data-id=\"68ea165\" data-element_type=\"widget\" data-widget_type=\"spacer.default\">\n\t\t\t\t<div class=\"elementor-widget-container\">\n\t\t\t\t\t\t\t<div class=\"elementor-spacer\">\n\t\t\t<div class=\"elementor-spacer-inner\"><\/div>\n\t\t<\/div>\n\t\t\t\t\t\t<\/div>\n\t\t\t\t<\/div>\n\t\t\t\t\t<\/div>\n\t\t<\/div>\n\t\t\t\t\t<\/div>\n\t\t<\/section>\n\t\t\t\t<\/div>\n\t\t","protected":false},"excerpt":{"rendered":"<p>hypnose m\u00e9dicale Ayant le souci du bien-\u00eatre de mon patient car celui-ci a un impact direct sur le d\u00e9roulement de la s\u00e9ance [&hellip;]<\/p>\n","protected":false},"author":1,"featured_media":0,"parent":0,"menu_order":0,"comment_status":"closed","ping_status":"closed","template":"elementor_header_footer","meta":{"footnotes":""},"class_list":["post-668","page","type-page","status-publish","hentry"],"yoast_head":"<!-- This site is optimized with the Yoast SEO plugin v24.9 - https:\/\/yoast.com\/wordpress\/plugins\/seo\/ -->\n<title>Hypnose m\u00e9dicale - Cabinet Dentaire Mbemba<\/title>\n<meta name=\"robots\" content=\"index, follow, max-snippet:-1, max-image-preview:large, max-video-preview:-1\" \/>\n<link rel=\"canonical\" href=\"https:\/\/dentiste-mbemba.be\/index.php\/hypnose-medicale\/\" \/>\n<meta property=\"og:locale\" content=\"fr_FR\" \/>\n<meta property=\"og:type\" content=\"article\" \/>\n<meta property=\"og:title\" content=\"Hypnose m\u00e9dicale - Cabinet Dentaire Mbemba\" \/>\n<meta property=\"og:description\" content=\"hypnose m\u00e9dicale Ayant le souci du bien-\u00eatre de mon patient car celui-ci a un impact direct sur le d\u00e9roulement de la s\u00e9ance [&hellip;]\" \/>\n<meta property=\"og:url\" content=\"https:\/\/dentiste-mbemba.be\/index.php\/hypnose-medicale\/\" \/>\n<meta property=\"og:site_name\" content=\"Cabinet Dentaire Mbemba\" \/>\n<meta property=\"article:modified_time\" content=\"2024-03-26T13:13:47+00:00\" \/>\n<meta name=\"twitter:card\" content=\"summary_large_image\" \/>\n<meta name=\"twitter:label1\" content=\"Dur\u00e9e de lecture estim\u00e9e\" \/>\n\t<meta name=\"twitter:data1\" content=\"2 minutes\" \/>\n<script type=\"application\/ld+json\" class=\"yoast-schema-graph\">{\"@context\":\"https:\/\/schema.org\",\"@graph\":[{\"@type\":\"WebPage\",\"@id\":\"https:\/\/dentiste-mbemba.be\/index.php\/hypnose-medicale\/\",\"url\":\"https:\/\/dentiste-mbemba.be\/index.php\/hypnose-medicale\/\",\"name\":\"Hypnose m\u00e9dicale - Cabinet Dentaire Mbemba\",\"isPartOf\":{\"@id\":\"https:\/\/dentiste-mbemba.be\/#website\"},\"datePublished\":\"2020-10-20T08:04:06+00:00\",\"dateModified\":\"2024-03-26T13:13:47+00:00\",\"breadcrumb\":{\"@id\":\"https:\/\/dentiste-mbemba.be\/index.php\/hypnose-medicale\/#breadcrumb\"},\"inLanguage\":\"fr-FR\",\"potentialAction\":[{\"@type\":\"ReadAction\",\"target\":[\"https:\/\/dentiste-mbemba.be\/index.php\/hypnose-medicale\/\"]}]},{\"@type\":\"BreadcrumbList\",\"@id\":\"https:\/\/dentiste-mbemba.be\/index.php\/hypnose-medicale\/#breadcrumb\",\"itemListElement\":[{\"@type\":\"ListItem\",\"position\":1,\"name\":\"Accueil\",\"item\":\"https:\/\/dentiste-mbemba.be\/\"},{\"@type\":\"ListItem\",\"position\":2,\"name\":\"Hypnose m\u00e9dicale\"}]},{\"@type\":\"WebSite\",\"@id\":\"https:\/\/dentiste-mbemba.be\/#website\",\"url\":\"https:\/\/dentiste-mbemba.be\/\",\"name\":\"Cabinet Dentaire Mbemba\",\"description\":\"\",\"potentialAction\":[{\"@type\":\"SearchAction\",\"target\":{\"@type\":\"EntryPoint\",\"urlTemplate\":\"https:\/\/dentiste-mbemba.be\/?s={search_term_string}\"},\"query-input\":{\"@type\":\"PropertyValueSpecification\",\"valueRequired\":true,\"valueName\":\"search_term_string\"}}],\"inLanguage\":\"fr-FR\"}]}<\/script>\n<!-- \/ Yoast SEO plugin. -->","yoast_head_json":{"title":"Hypnose m\u00e9dicale - Cabinet Dentaire Mbemba","robots":{"index":"index","follow":"follow","max-snippet":"max-snippet:-1","max-image-preview":"max-image-preview:large","max-video-preview":"max-video-preview:-1"},"canonical":"https:\/\/dentiste-mbemba.be\/index.php\/hypnose-medicale\/","og_locale":"fr_FR","og_type":"article","og_title":"Hypnose m\u00e9dicale - Cabinet Dentaire Mbemba","og_description":"hypnose m\u00e9dicale Ayant le souci du bien-\u00eatre de mon patient car celui-ci a un impact direct sur le d\u00e9roulement de la s\u00e9ance [&hellip;]","og_url":"https:\/\/dentiste-mbemba.be\/index.php\/hypnose-medicale\/","og_site_name":"Cabinet Dentaire Mbemba","article_modified_time":"2024-03-26T13:13:47+00:00","twitter_card":"summary_large_image","twitter_misc":{"Dur\u00e9e de lecture estim\u00e9e":"2 minutes"},"schema":{"@context":"https:\/\/schema.org","@graph":[{"@type":"WebPage","@id":"https:\/\/dentiste-mbemba.be\/index.php\/hypnose-medicale\/","url":"https:\/\/dentiste-mbemba.be\/index.php\/hypnose-medicale\/","name":"Hypnose m\u00e9dicale - Cabinet Dentaire Mbemba","isPartOf":{"@id":"https:\/\/dentiste-mbemba.be\/#website"},"datePublished":"2020-10-20T08:04:06+00:00","dateModified":"2024-03-26T13:13:47+00:00","breadcrumb":{"@id":"https:\/\/dentiste-mbemba.be\/index.php\/hypnose-medicale\/#breadcrumb"},"inLanguage":"fr-FR","potentialAction":[{"@type":"ReadAction","target":["https:\/\/dentiste-mbemba.be\/index.php\/hypnose-medicale\/"]}]},{"@type":"BreadcrumbList","@id":"https:\/\/dentiste-mbemba.be\/index.php\/hypnose-medicale\/#breadcrumb","itemListElement":[{"@type":"ListItem","position":1,"name":"Accueil","item":"https:\/\/dentiste-mbemba.be\/"},{"@type":"ListItem","position":2,"name":"Hypnose m\u00e9dicale"}]},{"@type":"WebSite","@id":"https:\/\/dentiste-mbemba.be\/#website","url":"https:\/\/dentiste-mbemba.be\/","name":"Cabinet Dentaire Mbemba","description":"","potentialAction":[{"@type":"SearchAction","target":{"@type":"EntryPoint","urlTemplate":"https:\/\/dentiste-mbemba.be\/?s={search_term_string}"},"query-input":{"@type":"PropertyValueSpecification","valueRequired":true,"valueName":"search_term_string"}}],"inLanguage":"fr-FR"}]}},"_links":{"self":[{"href":"https:\/\/dentiste-mbemba.be\/index.php\/wp-json\/wp\/v2\/pages\/668","targetHints":{"allow":["GET"]}}],"collection":[{"href":"https:\/\/dentiste-mbemba.be\/index.php\/wp-json\/wp\/v2\/pages"}],"about":[{"href":"https:\/\/dentiste-mbemba.be\/index.php\/wp-json\/wp\/v2\/types\/page"}],"author":[{"embeddable":true,"href":"https:\/\/dentiste-mbemba.be\/index.php\/wp-json\/wp\/v2\/users\/1"}],"replies":[{"embeddable":true,"href":"https:\/\/dentiste-mbemba.be\/index.php\/wp-json\/wp\/v2\/comments?post=668"}],"version-history":[{"count":45,"href":"https:\/\/dentiste-mbemba.be\/index.php\/wp-json\/wp\/v2\/pages\/668\/revisions"}],"predecessor-version":[{"id":1224,"href":"https:\/\/dentiste-mbemba.be\/index.php\/wp-json\/wp\/v2\/pages\/668\/revisions\/1224"}],"wp:attachment":[{"href":"https:\/\/dentiste-mbemba.be\/index.php\/wp-json\/wp\/v2\/media?parent=668"}],"curies":[{"name":"wp","href":"https:\/\/api.w.org\/{rel}","templated":true}]}}